{"id":1232,"date":"2019-04-11T14:04:12","date_gmt":"2019-04-11T17:04:12","guid":{"rendered":"https:\/\/isfdyt89-bue.infd.edu.ar\/sitio\/?page_id=1232"},"modified":"2019-04-29T08:54:36","modified_gmt":"2019-04-29T11:54:36","slug":"4ta-convocatoria-2019","status":"publish","type":"page","link":"https:\/\/isfdyt89-bue.infd.edu.ar\/sitio\/4ta-convocatoria-2019\/","title":{"rendered":"4ta. Convocatoria 2019"},"content":{"rendered":"<p align=\"center\"><b><span lang=\"ES-TRAD\">Instituto Superior de Formaci\u00f3n<\/span><\/b><\/p>\n<p align=\"center\"><b><span lang=\"ES-TRAD\">Docente Y T\u00e9cnica\u00a0\u00a0\u00a0N \u00ba 89<\/span><\/b><\/p>\n<p align=\"center\"><b><span lang=\"ES-TRAD\">Dr. Rene Favaloro<\/span><\/b><\/p>\n<div>\n<p align=\"center\"><strong><span lang=\"ES-TRAD\">Concurso de C\u00e1tedras<\/span><\/strong><\/p>\n<p align=\"center\"><strong><span lang=\"ES-TRAD\">4 \u00ba Convocatoria Ciclo Lectivo 2019<\/span><\/strong><\/p>\n<p align=\"center\">\n<\/div>\n<p><strong>3 \u00b0 PROF. EDUCACION INICIAL (Turno Tarde) <\/strong><\/p>\n<p><strong>1) TALLER DE CIENCIAS SOCIALES &#8211;<\/strong>1 mod. Semanal provisional, viernes 15.45 a 16.45 hs.<\/p>\n<p>&nbsp;<\/p>\n<p><strong>NOTA<\/strong>: A cada docente se le suma 1 m\u00f3d. para incorporarse al Taller Integrador Interdisciplinario <strong>DIAS SABADOS OBLIGATORIO POR LA MA\u00d1ANA. <\/strong><\/p>\n<p><strong>1\u00b0 TECNICATURA SUPERIOR EN INDUSTRIAS AGROALIMENTARIAS Resol. 3373\/06 (Turno Tarde) <\/strong><\/p>\n<p><strong>2) PROCESOS INDUSTRIALES &#8211;<\/strong>2 mod. Semanales provisionales, jueves de 15.45 a 17.45 hs.<\/p>\n<p><strong>3) PRODUCCCION DE MATERIAS PRIMAS I &#8211;<\/strong>2 mod. Semanales provisionales, viernes de 13.30 a 15.30 hs. <strong>(CURSADA EN PREDIO AGROECOLOGICO) <\/strong><\/p>\n<p>&nbsp;<\/p>\n<p><strong>2\u00b0 TECNICATURA SUPERIOR EN ACOMPA\u00d1ANTE TERAP\u00c9UTICO (Resol. 1221\/15) Turno Vespertino <\/strong><\/p>\n<p>&nbsp;<\/p>\n<p><strong>4) MODELO DE OCUPACION HUMANA &#8211;<\/strong>2 mod. Semanales provisionales, lunes 20.15 a 22.15 hs.<\/p>\n<p>&nbsp;<\/p>\n<p><strong>4 \u00b0 PROF. EDUCACION ESPECIAL (Resol. 1009\/09) ORIENTACION INTELECTUAL (Turno Vespertino) <\/strong><\/p>\n<p><strong>5) MULTIDISCAPACIDAD &#8211; <\/strong>1 mod. Semanal provisional, jueves 20.15 a 21.15 hs.<\/p>\n<p>&nbsp;<\/p>\n<p><strong>NOTA<\/strong>: A cada docente se le suma 1 m\u00f3d. para incorporarse al Taller Integrador Interdisciplinario <strong>DIAS SABADOS OBLIGATORIO POR LA MA\u00d1ANA. <\/strong><\/p>\n<p><strong>2\u00ba TECNICATURA SUPERIOR EN ADMINISTRACI\u00d3N P\u00daBLICA (RESOL. 8\/09) (EXTENSI\u00d3N PARTIDO GENERAL LAVALLE) (Turno Vespertino) <\/strong><\/p>\n<p><strong>6) EDI \u201cCONTABILIDAD PUBLICA\u201d &#8211; <\/strong>1 mod. Semanal provisional, martes 20.15 a 21.15 hs.<\/p>\n<p>&nbsp;<\/p>\n<p><strong>1\u00ba TECNICATURA SUPERIOR EN REDES INFORMATICAS (RESOL. 6164\/03) (Turno Vespertino) (EXTENSI\u00d3N PARTIDO GENERAL LAVALLE) <\/strong><\/p>\n<p><strong>7) ALGEBRA &#8211; <\/strong>2 mod. Semanales provisionales, lunes de 18 a 20 hs.<\/p>\n<p><strong>8) ANALISIS MATEMATICO I &#8211; <\/strong>2 mod. Semanales provisionales, lunes de 20.15 a 22.15 hs.<\/p>\n<p><strong>9) INGLES TECNICO I &#8211; <\/strong>2 mod. Semanales provisionales, martes de 18 a 20 hs.<\/p>\n<p><strong>10) PLANIFICACION ESTRATEGICA &#8211; <\/strong>1 mod. Semanal provisional, mi\u00e9rcoles de 18 a 19 hs.<\/p>\n<p><strong>11) INTRODUCCION A LA FISICA &#8211; <\/strong>2 mod. Semanales provisionales, jueves de 18 a 20 hs.<\/p>\n<p>&nbsp;<\/p>\n<p><strong>2 \u00b0 PROF. EDUCACION ESPECIAL (Resol. 1009\/09) ORIENTACION INTELECTUAL (Turno Vespertino) <\/strong><\/p>\n<p><strong>12) DIDACTICA Y CURRICULUM &#8211;<\/strong>2 mod. Semanales provisionales, jueves 16 a 18 hs.<\/p>\n<p>&nbsp;<\/p>\n<p><strong>NOTA<\/strong>: A cada docente se le suma 1 m\u00f3d. para incorporarse al Taller Integrador Interdisciplinario <strong>DIAS SABADOS OBLIGATORIO POR LA MA\u00d1ANA. <\/strong><\/p>\n<p><strong>2 \u00b0 PROF. EDUCACION PRIMARIA (Turno Tarde) <\/strong><\/p>\n<p><strong>13) PRACTICA EN TERRENO &#8211; <\/strong>4 mod. Semanales provisionales, lunes de 13.30 a 15.30, mi\u00e9rcoles de 13.30 a 14.30 y jueves de 13.30 a 14.30.<\/p>\n<p>&nbsp;<\/p>\n<p><strong>NOTA<\/strong>: A cada docente se le suma 1 m\u00f3d. para incorporarse al Taller Integrador Interdisciplinario <strong>DIAS SABADOS OBLIGATORIO POR LA MA\u00d1ANA. <\/strong><\/p>\n<p><strong>2\u00b0 TECNICATURA SUPERIOR EN ENFERMERIA Resol.546\/16 (Turno Vespertino) <\/strong><\/p>\n<p><strong>14) INGLES \u2013 <\/strong>1 mod. Semanal provisional, mi\u00e9rcoles de 18 a 19 hs.<\/p>\n<p>&nbsp;<\/p>\n<p><strong>1\u00ba TECNICATURA SUPERIOR EN ANALISIS DE SISTEMAS (RESOL. 5817\/03) (Turno Vespertino) <\/strong><\/p>\n<p><strong>15) INGLES T\u00c9CNICO I &#8211; <\/strong>2 mod. Semanales provisionales, mi\u00e9rcoles de 20.15 a 22.15 hs.<\/p>\n<p>&nbsp;<\/p>\n<p><strong>Difusi\u00f3n: <\/strong>del <strong>11 al 26 de abril de 2019<\/strong>. <strong>Inscripci\u00f3n: del 29, 30 de abril y 2 de mayo del 2019, en Entre R\u00edos 555, de 16 a 20 horas. <\/strong>Entregar en carpeta el Anexo III de la Res.5886\/03 cumplimentado y con copia de la documentaci\u00f3n que avale todo lo declarado; la documentaci\u00f3n original debe presentarse para certificar las copias. Traer en sobre tama\u00f1o oficio, cerrado, 2 juegos del Proyecto de C\u00e1tedra, detallando en el exterior: Carrera, C\u00e1tedra, Postulante, e-mail y tel\u00e9fono de contacto.<\/p>\n<p><strong>Evaluaci\u00f3n y Entrevistas: viernes 3 de mayo del 2019, en Entre R\u00edos 555, de 15 a 22 horas. (De acuerdo a la cantidad de aspirantes por carrera y c\u00e1tedra, se confeccionara cronograma de entrevistas, con horario y comisi\u00f3n evaluadora) <\/strong>Consultas: En www.isfdyt89.edu.ar puede consultarse la Resoluci\u00f3n de cada una de las Carreras; la Resoluci\u00f3n de Concursos (5886\/03) y la Disposici\u00f3n 30 sobre Proyecto de C\u00e1tedra. E mail: info@isfdyt89.edu.ar<\/p>\n","protected":false},"excerpt":{"rendered":"<p>Instituto Superior de Formaci\u00f3n Docente Y T\u00e9cnica\u00a0\u00a0\u00a0N \u00ba 89 Dr. Rene Favaloro Concurso de C\u00e1tedras 4 \u00ba Convocatoria Ciclo Lectivo 2019 3 \u00b0 PROF. EDUCACION INICIAL (Turno Tarde) 1) TALLER DE CIENCIAS SOCIALES &#8211;1 mod. Semanal provisional, viernes 15.45 a 16.45 hs. &nbsp; NOTA: A cada docente se le suma 1 m\u00f3d. para incorporarse al &#8230; <a title=\"4ta. Convocatoria 2019\" class=\"read-more\" href=\"https:\/\/isfdyt89-bue.infd.edu.ar\/sitio\/4ta-convocatoria-2019\/\" aria-label=\"More on 4ta. Convocatoria 2019\">[+]<\/a><\/p>\n","protected":false},"author":564,"featured_media":0,"parent":0,"menu_order":0,"comment_status":"closed","ping_status":"closed","template":"","meta":[],"acf":[],"_links":{"self":[{"href":"https:\/\/isfdyt89-bue.infd.edu.ar\/sitio\/wp-json\/wp\/v2\/pages\/1232"}],"collection":[{"href":"https:\/\/isfdyt89-bue.infd.edu.ar\/sitio\/wp-json\/wp\/v2\/pages"}],"about":[{"href":"https:\/\/isfdyt89-bue.infd.edu.ar\/sitio\/wp-json\/wp\/v2\/types\/page"}],"author":[{"embeddable":true,"href":"https:\/\/isfdyt89-bue.infd.edu.ar\/sitio\/wp-json\/wp\/v2\/users\/564"}],"replies":[{"embeddable":true,"href":"https:\/\/isfdyt89-bue.infd.edu.ar\/sitio\/wp-json\/wp\/v2\/comments?post=1232"}],"version-history":[{"count":3,"href":"https:\/\/isfdyt89-bue.infd.edu.ar\/sitio\/wp-json\/wp\/v2\/pages\/1232\/revisions"}],"predecessor-version":[{"id":1243,"href":"https:\/\/isfdyt89-bue.infd.edu.ar\/sitio\/wp-json\/wp\/v2\/pages\/1232\/revisions\/1243"}],"wp:attachment":[{"href":"https:\/\/isfdyt89-bue.infd.edu.ar\/sitio\/wp-json\/wp\/v2\/media?parent=1232"}],"curies":[{"name":"wp","href":"https:\/\/api.w.org\/{rel}","templated":true}]}}