{"id":1407,"date":"2020-12-04T10:42:23","date_gmt":"2020-12-04T13:42:23","guid":{"rendered":"https:\/\/isfdyt89-bue.infd.edu.ar\/sitio\/?page_id=1407"},"modified":"2024-03-15T18:45:31","modified_gmt":"2024-03-15T21:45:31","slug":"carreras-2024","status":"publish","type":"page","link":"https:\/\/isfdyt89-bue.infd.edu.ar\/sitio\/carreras-2024\/","title":{"rendered":"Carreras 2024"},"content":{"rendered":"<h1 style=\"text-align: center;\">CARRERAS 2024<\/h1>\n<p><strong>Turno ma\u00f1ana:<\/strong><br \/>\n\u2013 <a href=\"https:\/\/isfdyt89-bue.infd.edu.ar\/sitio\/wp-content\/uploads\/2023\/12\/TRABAJO_SOCIAL_RESOLUCION_166606.pdf\" target=\"_blank\" rel=\"noopener\">1\u00ba A\u00f1o Tecnicatura Superior en Trabajo Social (Res. 1666\/06).<\/a><\/p>\n<p>Horario de las cursadas de 8:30 a 13:30 hs.<\/p>\n<p><strong>Turno tarde:<\/strong><br \/>\n\u2013 <a href=\"https:\/\/isfdyt89-bue.infd.edu.ar\/sitio\/carreras-2021\/upload\/2011_-_Reso.__3753_Serv_Gastronomicos.pdf\" target=\"_blank\" rel=\"noopener\">1\u00ba A\u00f1o Tecnicatura Superior en Servicios Gastron\u00f3micos (Res. 3753\/11)<\/a><br \/>\n\u2013 <a href=\"https:\/\/isfdyt89-bue.infd.edu.ar\/sitio\/wp-content\/uploads\/2023\/12\/5621-19-Farmacia-Hospitalaria.pdf\" target=\"_blank\" rel=\"noopener\">1\u00ba A\u00f1o Tecnicatura Superior en Farmacia Hospitalaria (Res. 5621\/19)<\/a><br \/>\n\u2013 <a href=\"https:\/\/isfdyt89-bue.infd.edu.ar\/sitio\/carreras-2017\/upload\/dcurricularsuperior1.pdf\" target=\"_blank\" rel=\"noopener\">1\u00ba A\u00f1o Prof. Educaci\u00f3n Inicial<\/a><\/p>\n<p>Horario de las cursadas de 13:30 hasta las 18:00 hs.<\/p>\n<p><strong>Turno Vespertino:<\/strong><br \/>\n\u2013 <a href=\"https:\/\/isfdyt89-bue.infd.edu.ar\/sitio\/wp-content\/uploads\/2021\/09\/Tecnicatura-Enfermeria-curricula-.pdf\" target=\"_blank\" rel=\"noopener\">1\u00ba A\u00f1o Tecnicatura Superior en Enfermer\u00eda (Res. 854\/16)<\/a><br \/>\n\u2013 1<a href=\"https:\/\/isfdyt89-bue.infd.edu.ar\/sitio\/wp-content\/uploads\/2023\/12\/Plan-Tec-Superior-LaboratoriodeAnalisisClinicos.pdf\" target=\"_blank\" rel=\"noopener\">\u00ba A\u00f1o Tecnicatura Superior en Laboratorio de An\u00e1lisis Cl\u00ednicos (Res. 205\/18)<\/a><br \/>\n\u2013 <a href=\"https:\/\/isfdyt89-bue.infd.edu.ar\/sitio\/carreras-2020\/upload\/dcurricularsuperior1.pdf\" target=\"_blank\" rel=\"noopener\">1\u00ba A\u00f1o Prof. Educaci\u00f3n Primaria<\/a><\/p>\n<p>Horario de las cursadas de 18:00 hasta las 22:15 hs.<\/p>\n","protected":false},"excerpt":{"rendered":"<p>CARRERAS 2024 Turno ma\u00f1ana: \u2013 1\u00ba A\u00f1o Tecnicatura Superior en Trabajo Social (Res. 1666\/06). Horario de las cursadas de 8:30 a 13:30 hs. Turno tarde: \u2013 1\u00ba A\u00f1o Tecnicatura Superior en Servicios Gastron\u00f3micos (Res. 3753\/11) \u2013 1\u00ba A\u00f1o Tecnicatura Superior en Farmacia Hospitalaria (Res. 5621\/19) \u2013 1\u00ba A\u00f1o Prof. Educaci\u00f3n Inicial Horario de las cursadas &#8230; <a title=\"Carreras 2024\" class=\"read-more\" href=\"https:\/\/isfdyt89-bue.infd.edu.ar\/sitio\/carreras-2024\/\" aria-label=\"More on Carreras 2024\">[+]<\/a><\/p>\n","protected":false},"author":564,"featured_media":0,"parent":0,"menu_order":0,"comment_status":"closed","ping_status":"closed","template":"","meta":[],"acf":[],"_links":{"self":[{"href":"https:\/\/isfdyt89-bue.infd.edu.ar\/sitio\/wp-json\/wp\/v2\/pages\/1407"}],"collection":[{"href":"https:\/\/isfdyt89-bue.infd.edu.ar\/sitio\/wp-json\/wp\/v2\/pages"}],"about":[{"href":"https:\/\/isfdyt89-bue.infd.edu.ar\/sitio\/wp-json\/wp\/v2\/types\/page"}],"author":[{"embeddable":true,"href":"https:\/\/isfdyt89-bue.infd.edu.ar\/sitio\/wp-json\/wp\/v2\/users\/564"}],"replies":[{"embeddable":true,"href":"https:\/\/isfdyt89-bue.infd.edu.ar\/sitio\/wp-json\/wp\/v2\/comments?post=1407"}],"version-history":[{"count":37,"href":"https:\/\/isfdyt89-bue.infd.edu.ar\/sitio\/wp-json\/wp\/v2\/pages\/1407\/revisions"}],"predecessor-version":[{"id":2474,"href":"https:\/\/isfdyt89-bue.infd.edu.ar\/sitio\/wp-json\/wp\/v2\/pages\/1407\/revisions\/2474"}],"wp:attachment":[{"href":"https:\/\/isfdyt89-bue.infd.edu.ar\/sitio\/wp-json\/wp\/v2\/media?parent=1407"}],"curies":[{"name":"wp","href":"https:\/\/api.w.org\/{rel}","templated":true}]}}