{"id":2491,"date":"2025-05-16T19:55:57","date_gmt":"2025-05-16T22:55:57","guid":{"rendered":"https:\/\/isfdyt89-bue.infd.edu.ar\/sitio\/?page_id=2491"},"modified":"2025-05-16T19:55:59","modified_gmt":"2025-05-16T22:55:59","slug":"documentacion-para-los-estudiantes","status":"publish","type":"page","link":"https:\/\/isfdyt89-bue.infd.edu.ar\/sitio\/documentacion-para-los-estudiantes\/","title":{"rendered":"Documentaci\u00f3n para los Estudiantes"},"content":{"rendered":"\n<p><\/p>\n\n\n\n<h1 class=\"wp-block-heading\">Nuevo R\u00e9gimen Acad\u00e9mico Marco Jurisdiccional para el Nivel Superior&nbsp;<\/h1>\n\n\n\n<p>DOCUMENTOS:&nbsp;<\/p>\n\n\n\n<p><a href=\"https:\/\/isfdyt89-bue.infd.edu.ar\/sitio\/wp-content\/uploads\/2025\/03\/Nuevo-Regimen-Academico-Institucional-ISFDyT-89-2025.pdf\">Nuevo R\u00e9gimen Acad\u00e9mico Institucional ISFDyT 89 2025<\/a><\/p>\n\n\n\n<p>Jefatura Distrital La Costa env\u00eda Informaci\u00f3n para Registro De T\u00edtulos, para su conocimiento y fines.<\/p>\n\n\n\n<p>Visto, las reiteradas consultas que surgen con respecto al registro de T\u00edtulos Universitarios, cabe aclarar que los mismos siguen siendo registrados como siempre, ya que no ha habido ning\u00fan cambio al respecto. Se registran tanto en el formato papel, como en el formato digital, solo que, en \u00e9ste \u00faltimo caso es el titular quien lo debe imprimir doble faz. Si hubiera alg\u00fan cambio al respecto, \u00e9ste Departamento lo comunicar\u00e1 oportunamente.<br>A continuaci\u00f3n paso a detallar c\u00f3mo corroborar su veracidad.<br>A partir del a\u00f1o 2018 los T\u00edtulos Universitarios se legalizan y emiten de manera digital. El titular es quien lo imprime para luego poder ser registrado<br>Para corroborar la veracidad de los mismos hay dos posibilidades:<br>1) <a href=\"https:\/\/registrograduados.siu.edu.ar\/\">https:\/\/registrograduados.siu.edu.ar\/<\/a><br>En esa p\u00e1gina se busca ingresando tipo y nro de DNI, una vez obtenido el resultado, clickeamos la opci\u00f3n \u00abDetalles\u00bb y all\u00ed se nos informa si la Direcci\u00f3n Nacional de Gesti\u00f3n Universitaria, intervino el Diploma y\/o el Analitico.<br>2) Escaneando el c\u00f3digo QR<br>Desde 2023 los t\u00edtulos de nivel Secundario y Terciario de todo el pa\u00eds se emiten de manera digital con lo cual el titular es quien lo imprime. El confronte de veracidad de los mismos se realiza escaneando el c\u00f3digo QR.<\/p>\n\n\n\n<p>Atentamente.<\/p>\n\n\n\n<p>Horacio Rossano<br>Inspector Jefe Distrital<br>La Costa<br>Regi\u00f3n 18<\/p>\n\n\n\n<p><strong>BOLETO ESPECIAL EDUCATIVO<\/strong><\/p>\n\n\n\n<p>Jefatura Distrital La Costa env\u00eda link para el registro del Boleto Especial Educativo:<a href=\"https:\/\/www.gba.gob.ar\/transporte\/boleto\" target=\"_blank\" rel=\"noreferrer noopener\"> https:\/\/www.gba.gob.ar\/transporte\/boleto<\/a>, para conocimiento y amplia difusi\u00f3n.<\/p>\n\n\n\n<p>Se solicita que las Instituciones Educativas puedan colaborar con las familias para garantizar el acceso al derecho.<\/p>\n\n\n\n<p>Atentamente.<\/p>\n\n\n\n<p>Horacio Rossano<br>Inspector Jefe Distrital<br>La Costa<br>Regi\u00f3n 18<\/p>\n","protected":false},"excerpt":{"rendered":"<p>Nuevo R\u00e9gimen Acad\u00e9mico Marco Jurisdiccional para el Nivel Superior&nbsp; DOCUMENTOS:&nbsp; Nuevo R\u00e9gimen Acad\u00e9mico Institucional ISFDyT 89 2025 Jefatura Distrital La Costa env\u00eda Informaci\u00f3n para Registro De T\u00edtulos, para su conocimiento y fines. Visto, las reiteradas consultas que surgen con respecto al registro de T\u00edtulos Universitarios, cabe aclarar que los mismos siguen siendo registrados como siempre, &#8230; <a title=\"Documentaci\u00f3n para los Estudiantes\" class=\"read-more\" href=\"https:\/\/isfdyt89-bue.infd.edu.ar\/sitio\/documentacion-para-los-estudiantes\/\" aria-label=\"More on Documentaci\u00f3n para los Estudiantes\">[+]<\/a><\/p>\n","protected":false},"author":564,"featured_media":0,"parent":0,"menu_order":0,"comment_status":"closed","ping_status":"closed","template":"","meta":[],"acf":[],"_links":{"self":[{"href":"https:\/\/isfdyt89-bue.infd.edu.ar\/sitio\/wp-json\/wp\/v2\/pages\/2491"}],"collection":[{"href":"https:\/\/isfdyt89-bue.infd.edu.ar\/sitio\/wp-json\/wp\/v2\/pages"}],"about":[{"href":"https:\/\/isfdyt89-bue.infd.edu.ar\/sitio\/wp-json\/wp\/v2\/types\/page"}],"author":[{"embeddable":true,"href":"https:\/\/isfdyt89-bue.infd.edu.ar\/sitio\/wp-json\/wp\/v2\/users\/564"}],"replies":[{"embeddable":true,"href":"https:\/\/isfdyt89-bue.infd.edu.ar\/sitio\/wp-json\/wp\/v2\/comments?post=2491"}],"version-history":[{"count":1,"href":"https:\/\/isfdyt89-bue.infd.edu.ar\/sitio\/wp-json\/wp\/v2\/pages\/2491\/revisions"}],"predecessor-version":[{"id":2492,"href":"https:\/\/isfdyt89-bue.infd.edu.ar\/sitio\/wp-json\/wp\/v2\/pages\/2491\/revisions\/2492"}],"wp:attachment":[{"href":"https:\/\/isfdyt89-bue.infd.edu.ar\/sitio\/wp-json\/wp\/v2\/media?parent=2491"}],"curies":[{"name":"wp","href":"https:\/\/api.w.org\/{rel}","templated":true}]}}