{"id":286,"date":"2016-10-31T13:17:59","date_gmt":"2016-10-31T16:17:59","guid":{"rendered":"https:\/\/isfdyt89-bue.infd.edu.ar\/sitio\/?page_id=286"},"modified":"2026-04-16T20:12:26","modified_gmt":"2026-04-16T23:12:26","slug":"inicio","status":"publish","type":"page","link":"https:\/\/isfdyt89-bue.infd.edu.ar\/sitio\/","title":{"rendered":"Home Instituto"},"content":{"rendered":"<!-- MetaSlider 2680 not found -->\n<h2 style=\"text-align: center;\"><strong>Comunidad Educativa:\u00a0 Las inscripciones a carreras 2026 ya finalizaron en el mes de Marzo. Las pr\u00f3ximas inscripciones a las carreras de ciclo lectivo 2027 ser\u00e1n en diciembre. La oferta acad\u00e9mica se presenta en la expo educativa (fecha a coordinar ). En el mes de Noviembre ya sabremos que Carreras se dictar\u00e1n para dicha inscripci\u00f3n ciclo lectivo 2027. <\/strong><br \/><strong>Estar atentos a los distintos canales de difusi\u00f3n<\/strong><\/h2>\n<h2>\u00a0<\/h2>\n<h2 style=\"text-align: center;\">NUEVO R\u00c9GIMEN ACAD\u00c9MICO INSTITUCIONAL<\/h2>\n<p style=\"text-align: center;\"><a href=\"https:\/\/isfdyt89-bue.infd.edu.ar\/sitio\/wp-content\/uploads\/2026\/04\/Nuevo-Regimen-Academico-Institucional-ISFD-y-T-89-2025.pdf\">Nuevo R\u00e9gimen Acad\u00e9mico Institucional ISFD y T 89 2025<\/a><\/p>\n<h2 style=\"text-align: center;\">NUEVO R\u00c9GIMEN ACAD\u00c9MICO MARCO<\/h2>\n<p style=\"text-align: center;\"><a href=\"https:\/\/isfdyt89-bue.infd.edu.ar\/sitio\/wp-content\/uploads\/2025\/05\/PPT-RAM-Encuentro-ASISTENCIA-jornada-de-trabajo-28.04.pdf\">PPT RAM Encuentro ASISTENCIA jornada de trabajo<\/a><\/p>\n<h2><img decoding=\"async\" loading=\"lazy\" class=\"alignnone size-full wp-image-2895 aligncenter\" src=\"https:\/\/isfdyt89-bue.infd.edu.ar\/sitio\/wp-content\/uploads\/2025\/11\/Cooperadora-2026.jpg\" alt=\"\" width=\"531\" height=\"755\" \/><\/h2>\n<p>&nbsp;<\/p>\n<p>&nbsp;<\/p>\n","protected":false},"excerpt":{"rendered":"<p>Comunidad Educativa:\u00a0 Las inscripciones a carreras 2026 ya finalizaron en el mes de Marzo. Las pr\u00f3ximas inscripciones a las carreras de ciclo lectivo 2027 ser\u00e1n en diciembre. La oferta acad\u00e9mica se presenta en la expo educativa (fecha a coordinar ). En el mes de Noviembre ya sabremos que Carreras se dictar\u00e1n para dicha inscripci\u00f3n ciclo &#8230; <a title=\"Home Instituto\" class=\"read-more\" href=\"https:\/\/isfdyt89-bue.infd.edu.ar\/sitio\/\" aria-label=\"More on Home Instituto\">[+]<\/a><\/p>\n","protected":false},"author":1,"featured_media":0,"parent":0,"menu_order":0,"comment_status":"closed","ping_status":"closed","template":"","meta":[],"acf":[],"_links":{"self":[{"href":"https:\/\/isfdyt89-bue.infd.edu.ar\/sitio\/wp-json\/wp\/v2\/pages\/286"}],"collection":[{"href":"https:\/\/isfdyt89-bue.infd.edu.ar\/sitio\/wp-json\/wp\/v2\/pages"}],"about":[{"href":"https:\/\/isfdyt89-bue.infd.edu.ar\/sitio\/wp-json\/wp\/v2\/types\/page"}],"author":[{"embeddable":true,"href":"https:\/\/isfdyt89-bue.infd.edu.ar\/sitio\/wp-json\/wp\/v2\/users\/1"}],"replies":[{"embeddable":true,"href":"https:\/\/isfdyt89-bue.infd.edu.ar\/sitio\/wp-json\/wp\/v2\/comments?post=286"}],"version-history":[{"count":427,"href":"https:\/\/isfdyt89-bue.infd.edu.ar\/sitio\/wp-json\/wp\/v2\/pages\/286\/revisions"}],"predecessor-version":[{"id":2998,"href":"https:\/\/isfdyt89-bue.infd.edu.ar\/sitio\/wp-json\/wp\/v2\/pages\/286\/revisions\/2998"}],"wp:attachment":[{"href":"https:\/\/isfdyt89-bue.infd.edu.ar\/sitio\/wp-json\/wp\/v2\/media?parent=286"}],"curies":[{"name":"wp","href":"https:\/\/api.w.org\/{rel}","templated":true}]}}