{"id":2944,"date":"2026-03-03T21:10:16","date_gmt":"2026-03-04T00:10:16","guid":{"rendered":"https:\/\/isfdyt89-bue.infd.edu.ar\/sitio\/?page_id=2944"},"modified":"2026-03-06T20:37:57","modified_gmt":"2026-03-06T23:37:57","slug":"inscripcion-a-cursadas-2026","status":"publish","type":"page","link":"https:\/\/isfdyt89-bue.infd.edu.ar\/sitio\/inscripcion-a-cursadas-2026\/","title":{"rendered":"Inscripci\u00f3n a Cursadas 2026"},"content":{"rendered":"\n<p><\/p>\n\n\n\n<p><strong>Profesorado en Educaci\u00f3n Inicial&nbsp; 1\u00ba A\u00f1o<\/strong> (S\u00f3lo para recursantes de materias)<\/p>\n\n\n\n<p><a href=\"https:\/\/forms.gle\/YrrECbaTbvzNoGNJ7\">https:\/\/forms.gle\/Yr<\/a><a rel=\"noreferrer noopener\" href=\"https:\/\/forms.gle\/YrrECbaTbvzNoGNJ7\" target=\"_blank\">rECbaTbvzNoGNJ7<\/a><\/p>\n\n\n\n<p><strong>1\u00b0 A\u00d1O EN TEC SUP TRABAJO SOCIAL 2026 (S\u00f3lo para recursantes de materias)<\/strong> <\/p>\n\n\n\n<p><a href=\"https:\/\/forms.gle\/fHxH11gnS4vpZThw7\">https:\/\/forms.gle\/fHxH11gnS4vpZThw7<\/a><\/p>\n\n\n\n<p>2\u00b0 A\u00d1O &nbsp;T\u00c9CNICO SUPERIOR EN INDUSTRIA<strong> <\/strong>TEXTIL E INDUMENTARIA &nbsp;Resoluci\u00f3n N\u00ba 847\/05<\/p>\n\n\n\n<p><a href=\"https:\/\/forms.gle\/2JiBTGs4xkTvxGz36\">https:\/\/forms.gle\/2JiBTGs4xkTvxGz36<\/a><\/p>\n\n\n\n<p>2\u00b0 A\u00d1O TEC SUP EN GASTRONOMIA 2026 T.V<\/p>\n\n\n\n<p><a href=\"https:\/\/forms.gle\/yETBqsZASy1Gzafy7\">https:\/\/forms.gle\/yETBqsZASy1Gzafy7<\/a><\/p>\n\n\n\n<p>2\u00b0 A\u00d1O TECNICATURA SUPERIOR EN COMUNICACION SOCIAL PARA EL DESARROLLO &#8211; TURNO<strong> <\/strong>VESPERTINO 2026<\/p>\n\n\n\n<p><a href=\"https:\/\/forms.gle\/VdteU27WJyqSFASU8\">https:\/\/forms.gle\/VdteU27WJyqSFASU8<\/a><\/p>\n\n\n\n<p>PROFESORADO DE EDUCACI\u00d3N PRIMARIA 2\u00b0 A\u00d1O 2026<\/p>\n\n\n\n<p><a href=\"https:\/\/forms.gle\/jrWD31bM3yqmsJ9YA\">https:\/\/forms.gle\/jrWD31bM3yqmsJ9YA<\/a><\/p>\n\n\n\n<p><strong>2\u00ba TEC. Sup. EN TRABAJO SOCIAL 2026<\/strong><\/p>\n\n\n\n<p><a href=\"https:\/\/forms.gle\/hFzmtvvDke1AY7dr5\">https:\/\/forms.gle\/hFzmtvvDke1AY7dr5<\/a><\/p>\n\n\n\n<p>1\u00b0 A\u00d1O TEC.SUP.EN COMUNICACION SOCIAL PARA EL DESARROLLO&nbsp; 2026 (S\u00f3lo para recursantes de materias)<\/p>\n\n\n\n<p><a href=\"https:\/\/forms.gle\/GCAUuiHJykHvKfD4A\">https:\/\/forms.gle\/GCAUuiHJykHvKfD4A<\/a><\/p>\n\n\n\n<p>PROFESORADO DE EDUCACI\u00d3N PRIMARIA 1\u00b0 A\u00d1O 2026<\/p>\n\n\n\n<p><a href=\"https:\/\/forms.gle\/X2EYQLaFuLQPx8EB7\">https:\/\/forms.gle\/X2EYQLaFuLQPx8EB7<\/a><\/p>\n\n\n\n<p><strong>Inscripci\u00f3n a Materias \u2013 Ciclo Lectivo 2026<\/strong>&nbsp;<strong>Profesorado en Educaci\u00f3n Inicial&nbsp; 2\u00ba A\u00f1o<\/strong><\/p>\n\n\n\n<p><a href=\"https:\/\/forms.gle\/sbePVaBNqK1aPAJn8\">https:\/\/forms.gle\/sbePVaBNqK1aPAJn8<\/a><\/p>\n\n\n\n<p>2\u00ba TEC.SUP.EN HIGIENE Y SEGURIDAD 2026<\/p>\n\n\n\n<p><a href=\"https:\/\/forms.gle\/6YKZNTderFqRy9hX7\">https:\/\/forms.gle\/6YKZNTderFqRy9hX7<\/a><\/p>\n\n\n\n<p>3\u00b0 A\u00d1O EN TEC SUP TRABAJO SOCIAL 2026<\/p>\n\n\n\n<p><a href=\"https:\/\/forms.gle\/pCmHGxqmx6gWWLKo8\">https:\/\/forms.gle\/pCmHGxqmx6gWWLKo8<\/a><\/p>\n\n\n\n<p>TEC. SUP. EN FARMACIA HOSPITALARIA&nbsp; 3\u00b0 A\u00d1O 2026<\/p>\n\n\n\n<p><a href=\"https:\/\/forms.gle\/nejQ2TzgGpBBshyk8\">https:\/\/forms.gle\/nejQ2TzgGpBBshyk8<\/a><\/p>\n\n\n\n<p>3 \u00b0 TEC. SUP. LABORATORIO DE ANALISIS CLINICO 2026<\/p>\n\n\n\n<p><a href=\"https:\/\/forms.gle\/8JEsjppTDMS6AjG59\">https:\/\/forms.gle\/8JEsjppTDMS6AjG59<\/a><\/p>\n\n\n\n<p><strong>3\u00b0 PROF. EDUCACI\u00d3N PRIMARIA&nbsp; 2026<\/strong><\/p>\n\n\n\n<p><a href=\"https:\/\/forms.gle\/HNQu475nGKscb9mT8\">https:\/\/forms.gle\/HNQu475nGKscb9mT8<\/a><\/p>\n\n\n\n<p>3\u00b0 A\u00d1O TEC. SUP. EN ENFERMERIA 2026<\/p>\n\n\n\n<p><a href=\"https:\/\/forms.gle\/rGPoJAxTHSne5BBk6\">https:\/\/forms.gle\/rGPoJAxTHSne5BBk6<\/a><\/p>\n\n\n\n<p><strong>3\u00ba TEC. SUP. EN SERVICIOS GASTRONOMICOS<\/strong><\/p>\n\n\n\n<p><a href=\"https:\/\/forms.gle\/5Xu34FyE9YnCY6wC6\">https:\/\/forms.gle\/5Xu34FyE9YnCY6wC6<\/a><\/p>\n\n\n\n<p><strong>Profesorado en Educaci\u00f3n Inicial&nbsp; 4\u00ba A\u00f1o<\/strong><\/p>\n\n\n\n<p><a href=\"https:\/\/forms.gle\/R5ybkXb4wBRRJVyi8\">https:\/\/forms.gle\/R5ybkXb4wBRRJVyi8<\/a><\/p>\n\n\n\n<p><strong>4\u00b0&nbsp;PROFESORADO DE EDUCACI\u00d3N PRIMARIA&nbsp; 2026<\/strong><\/p>\n\n\n\n<p><a href=\"https:\/\/forms.gle\/ffMDoxFQjDUPpSFR6\">https:\/\/forms.gle\/ffMDoxFQjDUPpSFR6<\/a><\/p>\n\n\n\n<p><strong>2\u00b0 A\u00d1O TEC. SUP. EN ENFERMERIA 2026<\/strong><\/p>\n\n\n\n<p><a href=\"https:\/\/docs.google.com\/forms\/d\/e\/1FAIpQLScIUyTv3g493gI1M_IPSFuFdk_G9e84FRXK8ZRStOCw8Zvaig\/viewform?pli=1\">https:\/\/docs.google.com\/forms\/d\/e\/1FAIpQLScIUyTv3g493gI1M_IPSFuFdk_G9e84FRXK8ZRStOCw8Zvaig\/viewform?pli=1<\/a><\/p>\n\n\n\n<p>PROFESORADO DE EDUCACI\u00d3N INICIAL 3\u00b0 A\u00d1O 2026<\/p>\n\n\n\n<p><a href=\"https:\/\/docs.google.com\/forms\/d\/e\/1FAIpQLSetQQbc3iHG_HzdJCwIgjwTzZvMYcoxx70DQhtSi0t9Zc9Qjg\/viewform\">https:\/\/docs.google.com\/forms\/d\/e\/1FAIpQLSetQQbc3iHG_HzdJCwIgjwTzZvMYcoxx70DQhtSi0t9Zc9Qjg\/viewform<\/a><\/p>\n","protected":false},"excerpt":{"rendered":"<p>Profesorado en Educaci\u00f3n Inicial&nbsp; 1\u00ba A\u00f1o (S\u00f3lo para recursantes de materias) https:\/\/forms.gle\/YrrECbaTbvzNoGNJ7 1\u00b0 A\u00d1O EN TEC SUP TRABAJO SOCIAL 2026 (S\u00f3lo para recursantes de materias) https:\/\/forms.gle\/fHxH11gnS4vpZThw7 2\u00b0 A\u00d1O &nbsp;T\u00c9CNICO SUPERIOR EN INDUSTRIA TEXTIL E INDUMENTARIA &nbsp;Resoluci\u00f3n N\u00ba 847\/05 https:\/\/forms.gle\/2JiBTGs4xkTvxGz36 2\u00b0 A\u00d1O TEC SUP EN GASTRONOMIA 2026 T.V https:\/\/forms.gle\/yETBqsZASy1Gzafy7 2\u00b0 A\u00d1O TECNICATURA SUPERIOR EN COMUNICACION SOCIAL &#8230; <a title=\"Inscripci\u00f3n a Cursadas 2026\" class=\"read-more\" href=\"https:\/\/isfdyt89-bue.infd.edu.ar\/sitio\/inscripcion-a-cursadas-2026\/\" aria-label=\"More on Inscripci\u00f3n a Cursadas 2026\">[+]<\/a><\/p>\n","protected":false},"author":564,"featured_media":0,"parent":0,"menu_order":0,"comment_status":"closed","ping_status":"closed","template":"","meta":[],"acf":[],"_links":{"self":[{"href":"https:\/\/isfdyt89-bue.infd.edu.ar\/sitio\/wp-json\/wp\/v2\/pages\/2944"}],"collection":[{"href":"https:\/\/isfdyt89-bue.infd.edu.ar\/sitio\/wp-json\/wp\/v2\/pages"}],"about":[{"href":"https:\/\/isfdyt89-bue.infd.edu.ar\/sitio\/wp-json\/wp\/v2\/types\/page"}],"author":[{"embeddable":true,"href":"https:\/\/isfdyt89-bue.infd.edu.ar\/sitio\/wp-json\/wp\/v2\/users\/564"}],"replies":[{"embeddable":true,"href":"https:\/\/isfdyt89-bue.infd.edu.ar\/sitio\/wp-json\/wp\/v2\/comments?post=2944"}],"version-history":[{"count":4,"href":"https:\/\/isfdyt89-bue.infd.edu.ar\/sitio\/wp-json\/wp\/v2\/pages\/2944\/revisions"}],"predecessor-version":[{"id":2956,"href":"https:\/\/isfdyt89-bue.infd.edu.ar\/sitio\/wp-json\/wp\/v2\/pages\/2944\/revisions\/2956"}],"wp:attachment":[{"href":"https:\/\/isfdyt89-bue.infd.edu.ar\/sitio\/wp-json\/wp\/v2\/media?parent=2944"}],"curies":[{"name":"wp","href":"https:\/\/api.w.org\/{rel}","templated":true}]}}