{"id":884,"date":"2018-08-29T16:16:40","date_gmt":"2018-08-29T19:16:40","guid":{"rendered":"https:\/\/isfdyt89-bue.infd.edu.ar\/sitio\/datos-institucionales\/"},"modified":"2026-04-01T20:40:18","modified_gmt":"2026-04-01T23:40:18","slug":"datos-institucionales","status":"publish","type":"page","link":"https:\/\/isfdyt89-bue.infd.edu.ar\/sitio\/datos-institucionales\/","title":{"rendered":"Datos institucionales"},"content":{"rendered":"<ul>\n<li class=\"A. *\/\">\n<h2><em><strong><span style=\"font-size: 10pt;\"><span style=\"font-family: comic sans ms,sans-serif;\">Instituto Superior de Formaci\u00f3n Docente y T\u00e9cnica N\u00ba89 \u00a8Dr. Ren\u00e9 Favaloro\u00a8.<\/span><\/span><\/strong><\/em><\/h2>\n<\/li>\n<li>\n<h2><em><span style=\"font-family: 'comic sans ms', sans-serif; font-size: 10pt;\"><span style=\"font-family: comic sans ms, sans-serif;\"><span style=\"font-size: 10pt;\">Direcci\u00f3n: Entre <\/span><span style=\"font-size: 13.3333px;\">R\u00edos<\/span><span style=\"font-size: 10pt;\"> 555, Mar de Aj\u00f3 Norte, Partido de la Costa, Buenos Aires, Argentina.<\/span><\/span><\/span><\/em><\/h2>\n<\/li>\n<li>Tel\u00e9fono: (02257) 423-606<\/li>\n<li>\n<h2><em><strong><span style=\"font-family: 'comic sans ms', sans-serif; font-size: 10pt;\">Email: <a href=\"mailto:isfdyt89lacosta@abc.gob.ar\">isfdyt89lacosta@abc.gob.ar<\/a><\/span><\/strong><\/em><\/h2>\n<\/li>\n<li>\n<h2><em><strong><span style=\"font-family: 'comic sans ms', sans-serif; font-size: 10pt;\">Web Propia: <a href=\"https:\/\/isfdyt89-bue.infd.edu.ar\">https:\/\/isfdyt89-bue.infd.edu.ar<\/a><\/span><\/strong><\/em><\/h2>\n<\/li>\n<li>Instagram: <a href=\"https:\/\/www.instagram.com\/isfdyt89renefavaloro\/\">isfdyt89renefavaloro<\/a><\/li>\n<li>Facebook: <a href=\"https:\/\/web.facebook.com\/groups\/145553716187\">https:\/\/web.facebook.com\/groups\/145553716187<\/a><\/li>\n<\/ul>\n","protected":false},"excerpt":{"rendered":"<p>Instituto Superior de Formaci\u00f3n Docente y T\u00e9cnica N\u00ba89 \u00a8Dr. Ren\u00e9 Favaloro\u00a8. Direcci\u00f3n: Entre R\u00edos 555, Mar de Aj\u00f3 Norte, Partido de la Costa, Buenos Aires, Argentina. Tel\u00e9fono: (02257) 423-606 Email: isfdyt89lacosta@abc.gob.ar Web Propia: https:\/\/isfdyt89-bue.infd.edu.ar Instagram: isfdyt89renefavaloro Facebook: https:\/\/web.facebook.com\/groups\/145553716187<\/p>\n","protected":false},"author":576,"featured_media":0,"parent":0,"menu_order":0,"comment_status":"closed","ping_status":"closed","template":"","meta":[],"acf":[],"_links":{"self":[{"href":"https:\/\/isfdyt89-bue.infd.edu.ar\/sitio\/wp-json\/wp\/v2\/pages\/884"}],"collection":[{"href":"https:\/\/isfdyt89-bue.infd.edu.ar\/sitio\/wp-json\/wp\/v2\/pages"}],"about":[{"href":"https:\/\/isfdyt89-bue.infd.edu.ar\/sitio\/wp-json\/wp\/v2\/types\/page"}],"author":[{"embeddable":true,"href":"https:\/\/isfdyt89-bue.infd.edu.ar\/sitio\/wp-json\/wp\/v2\/users\/576"}],"replies":[{"embeddable":true,"href":"https:\/\/isfdyt89-bue.infd.edu.ar\/sitio\/wp-json\/wp\/v2\/comments?post=884"}],"version-history":[{"count":6,"href":"https:\/\/isfdyt89-bue.infd.edu.ar\/sitio\/wp-json\/wp\/v2\/pages\/884\/revisions"}],"predecessor-version":[{"id":2972,"href":"https:\/\/isfdyt89-bue.infd.edu.ar\/sitio\/wp-json\/wp\/v2\/pages\/884\/revisions\/2972"}],"wp:attachment":[{"href":"https:\/\/isfdyt89-bue.infd.edu.ar\/sitio\/wp-json\/wp\/v2\/media?parent=884"}],"curies":[{"name":"wp","href":"https:\/\/api.w.org\/{rel}","templated":true}]}}