{"id":924,"date":"2018-08-29T16:17:01","date_gmt":"2018-08-29T19:17:01","guid":{"rendered":"https:\/\/isfdyt89-bue.infd.edu.ar\/sitio\/mesas-de-examen-julio-agosto-2018\/"},"modified":"2026-02-25T21:49:56","modified_gmt":"2026-02-26T00:49:56","slug":"mesas-de-examenes-marzo-2026","status":"publish","type":"page","link":"https:\/\/isfdyt89-bue.infd.edu.ar\/sitio\/mesas-de-examenes-marzo-2026\/","title":{"rendered":"Mesas de ex\u00e1menes turno Marzo 2026"},"content":{"rendered":"<h1 style=\"text-align: center;\">Mesas de ex\u00e1menes turno marzo 2026<\/h1>\n<p><strong><u>Cronogramas de inscripci\u00f3n a finales regulares y atraso acad\u00e9mico:<\/u><\/strong><\/p>\n<ul>\n<li>Inscripci\u00f3n a finales regulares: 18\/02\/26&nbsp; al 25\/02\/26<\/li>\n<li>Inscripci\u00f3n a finales de atraso acad\u00e9mico y Libres: 18\/02\/26 al 25\/02\/26<\/li>\n<li>Finales: 02\/03\/26 al 13\/03\/26<\/li>\n<\/ul>\n<p><strong>CRONOGRAMA DE FINALES:<\/strong><\/p>\n\n\n<div class=\"wp-block-file\"><a id=\"wp-block-file--media-c6f1d63b-7a98-4ad6-875a-db97ff233167\" href=\"https:\/\/isfdyt89-bue.infd.edu.ar\/sitio\/wp-content\/uploads\/2026\/02\/FINALES-MARZO-2026.docx\">FINALES MARZO 2026<\/a><a href=\"https:\/\/isfdyt89-bue.infd.edu.ar\/sitio\/wp-content\/uploads\/2026\/02\/FINALES-MARZO-2026.docx\" class=\"wp-block-file__button wp-element-button\" download aria-describedby=\"wp-block-file--media-c6f1d63b-7a98-4ad6-875a-db97ff233167\">Descarga<\/a><\/div>\n\n\n\n<p><\/p>\n\n\n\n<p>CONSULTA A FINALES REGULARES INSCRIPTOS:<\/p>\n\n\n\n<p><a href=\"http:\/\/isfdyt89.ddns.net\/listado_finales.aspx\" target=\"_blank\" rel=\"noreferrer noopener\">Haga click aqu\u00ed para consultar a  los finales regulares que se inscribi\u00f3<\/a><\/p>\n\n\n\n<p><\/p>\n\n\n\n<p><strong>FINALES  DE ATRASO ACAD\u00c9MICO:<\/strong> Se tomar\u00e1n el mismo d\u00eda y horario que el final regular, salvo que no se encuentre en el cronograma, para \u00e9stos casos los publicamos a continuaci\u00f3n:<\/p>\n\n\n\n<p><\/p>\n\n\n\n<p><\/p>\n\n\n\n<p><\/p>\n\n\n\n<p><\/p>\n","protected":false},"excerpt":{"rendered":"<p>Mesas de ex\u00e1menes turno marzo 2026 Cronogramas de inscripci\u00f3n a finales regulares y atraso acad\u00e9mico: Inscripci\u00f3n a finales regulares: 18\/02\/26&nbsp; al 25\/02\/26 Inscripci\u00f3n a finales de atraso acad\u00e9mico y Libres: 18\/02\/26 al 25\/02\/26 Finales: 02\/03\/26 al 13\/03\/26 CRONOGRAMA DE FINALES: CONSULTA A FINALES REGULARES INSCRIPTOS: Haga click aqu\u00ed para consultar a los finales regulares que &#8230; <a title=\"Mesas de ex\u00e1menes turno Marzo 2026\" class=\"read-more\" href=\"https:\/\/isfdyt89-bue.infd.edu.ar\/sitio\/mesas-de-examenes-marzo-2026\/\" aria-label=\"More on Mesas de ex\u00e1menes turno Marzo 2026\">[+]<\/a><\/p>\n","protected":false},"author":576,"featured_media":0,"parent":0,"menu_order":0,"comment_status":"closed","ping_status":"closed","template":"","meta":[],"acf":[],"_links":{"self":[{"href":"https:\/\/isfdyt89-bue.infd.edu.ar\/sitio\/wp-json\/wp\/v2\/pages\/924"}],"collection":[{"href":"https:\/\/isfdyt89-bue.infd.edu.ar\/sitio\/wp-json\/wp\/v2\/pages"}],"about":[{"href":"https:\/\/isfdyt89-bue.infd.edu.ar\/sitio\/wp-json\/wp\/v2\/types\/page"}],"author":[{"embeddable":true,"href":"https:\/\/isfdyt89-bue.infd.edu.ar\/sitio\/wp-json\/wp\/v2\/users\/576"}],"replies":[{"embeddable":true,"href":"https:\/\/isfdyt89-bue.infd.edu.ar\/sitio\/wp-json\/wp\/v2\/comments?post=924"}],"version-history":[{"count":204,"href":"https:\/\/isfdyt89-bue.infd.edu.ar\/sitio\/wp-json\/wp\/v2\/pages\/924\/revisions"}],"predecessor-version":[{"id":2941,"href":"https:\/\/isfdyt89-bue.infd.edu.ar\/sitio\/wp-json\/wp\/v2\/pages\/924\/revisions\/2941"}],"wp:attachment":[{"href":"https:\/\/isfdyt89-bue.infd.edu.ar\/sitio\/wp-json\/wp\/v2\/media?parent=924"}],"curies":[{"name":"wp","href":"https:\/\/api.w.org\/{rel}","templated":true}]}}