{"id":943,"date":"2018-08-29T16:17:08","date_gmt":"2018-08-29T19:17:08","guid":{"rendered":"https:\/\/isfdyt89-bue.infd.edu.ar\/sitio\/resoluciones-profesores\/"},"modified":"2026-04-01T20:24:48","modified_gmt":"2026-04-01T23:24:48","slug":"resoluciones-profesores","status":"publish","type":"page","link":"https:\/\/isfdyt89-bue.infd.edu.ar\/sitio\/resoluciones-profesores\/","title":{"rendered":"Resoluciones Profesores"},"content":{"rendered":"<ul>\n<li style=\"list-style-type: none;\">\n<ul>\n<li><a href=\"https:\/\/isfdyt89-bue.infd.edu.ar\/sitio\/wp-content\/uploads\/2025\/12\/RESOC-2025-6179-GDEBA-DGCYE-1.pdf\">RESOLUCION 6179\/25 (Concurso de C\u00e1tedra)<\/a><\/li>\n<li><a href=\"https:\/\/isfdyt89-bue.infd.edu.ar\/sitio\/wp-content\/uploads\/2025\/12\/CC83R6179-1.pdf\">Comunicaci\u00f3n Conjunta N\u00b0 83\/25<\/a><\/li>\n<li><a title=\"Declaracion Jurada Horarios\" href=\"upload\/Declaracion_Jurada_Horarios.pdf\" target=\"_blank\" rel=\"noopener\">DECLARACION JURADA DE HORARIOS<\/a><\/li>\n<li><a href=\"https:\/\/isfdyt89-bue.infd.edu.ar\/sitio\/wp-content\/uploads\/2023\/11\/7-Manual-de-estilo-DCE-para-publicaciones.pdf\">7-Manual de estilo &#8211; DCE (para publicaciones)<\/a><\/li>\n<li><a href=\"https:\/\/isfdyt89-bue.infd.edu.ar\/sitio\/wp-content\/uploads\/2023\/11\/6-STEIMAN-Jorge-MAS-DIDACTICA-En-la-Educacion-Superior.pdf\">6-STEIMAN-Jorge-M\u00c1S-DID\u00c1CTICA-En-la-Educaci\u00f3n-Superior<\/a><br \/>\n<h4 style=\"text-align: center;\">Nuevo R\u00e9gimen Acad\u00e9mico Marco Jurisdiccional para el Nivel Superior\u00a0 Resoluci\u00f3n 4196\/24<\/h4>\n<ul>\n<li><a href=\"https:\/\/isfdyt89-bue.infd.edu.ar\/sitio\/wp-content\/uploads\/2024\/11\/RESOC-4196-24-Regimen-Academico-Superior.pdf\">RESOC-4196-24 R\u00e9gimen Acad\u00e9mico Superior<\/a><\/li>\n<li><a href=\"https:\/\/isfdyt89-bue.infd.edu.ar\/sitio\/wp-content\/uploads\/2024\/11\/IF-2024-38567372-GDEBA-SDIFDIDGCYE.pdf\">IF-2024-38567372-GDEBA-SDIFDIDGCYE<\/a><\/li>\n<li><a href=\"https:\/\/isfdyt89-bue.infd.edu.ar\/sitio\/wp-content\/uploads\/2024\/11\/IF-2024-37932840-GDEBA-DPESUPDGCYE.pdf\">IF-2024-37932840-GDEBA-DPESUPDGCYE<\/a><\/li>\n<li><a href=\"https:\/\/isfdyt89-bue.infd.edu.ar\/sitio\/wp-content\/uploads\/2024\/11\/IF-2024-37932766-GDEBA-DPESUPDGCYE.pdf\">IF-2024-37932766-GDEBA-DPESUPDGCYE<\/a><\/li>\n<li><a href=\"https:\/\/isfdyt89-bue.infd.edu.ar\/sitio\/wp-content\/uploads\/2024\/11\/COM-CONJUNTA-No113_24.pdf\">COM CONJUNTA N\u00ba113_24<\/a><\/li>\n<li><a href=\"https:\/\/isfdyt89-bue.infd.edu.ar\/sitio\/wp-content\/uploads\/2024\/12\/comu-conj-no123_24.pdf\">comu conj n\u00ba123_24<\/a><\/li>\n<li><a href=\"https:\/\/isfdyt89-bue.infd.edu.ar\/sitio\/wp-content\/uploads\/2024\/12\/El-Primer-ano-como-filiacion-institucional-y-academica.pdf\">El Primer a\u00f1o como filiaci\u00f3n institucional y acad\u00e9mica<\/a><\/li>\n<\/ul>\n<\/li>\n<\/ul>\n<\/li>\n<\/ul>\n<h2>NUEVO R\u00c9GIMEN ACAD\u00c9MICO INSTITUCIONAL<\/h2>\n<p><a href=\"https:\/\/isfdyt89-bue.infd.edu.ar\/sitio\/wp-content\/uploads\/2025\/05\/Nuevo-Regimen-Academico-Institucional-ISFD-y-T-89-2025.pdf\">Nuevo R\u00e9gimen Acad\u00e9mico Institucional ISFD y T 89 2025<\/a><\/p>\n<h2>NUEVO R\u00c9GIMEN ACAD\u00c9MICO MARCO<\/h2>\n<p><a href=\"https:\/\/isfdyt89-bue.infd.edu.ar\/sitio\/wp-content\/uploads\/2025\/05\/PPT-RAM-Encuentro-ASISTENCIA-jornada-de-trabajo-28.04.pdf\">PPT RAM Encuentro ASISTENCIA jornada de trabajo<\/a><\/p>\n<p>\u00a0<\/p>\n<h3 style=\"text-align: center;\">Asistencia T\u00e9cnica para implementaci\u00f3n del RAM<\/h3>\n<p><iframe loading=\"lazy\" title=\"\u00bfQu\u00e9 normativas y pasos tener en cuenta para redactar un PROYECTO de nivel Superior?\" width=\"1200\" height=\"675\" src=\"https:\/\/www.youtube.com\/embed\/DJ7O5KO2DSk?feature=oembed\" frameborder=\"0\" allow=\"accelerometer; autoplay; clipboard-write; encrypted-media; gyroscope; picture-in-picture; web-share\" referrerpolicy=\"strict-origin-when-cross-origin\" allowfullscreen><\/iframe><\/p>\n<p>\u00a0<\/p>\n\n\n\n\n\n\n\n\n\n\n\n","protected":false},"excerpt":{"rendered":"<p>RESOLUCION 6179\/25 (Concurso de C\u00e1tedra) Comunicaci\u00f3n Conjunta N\u00b0 83\/25 DECLARACION JURADA DE HORARIOS 7-Manual de estilo &#8211; DCE (para publicaciones) 6-STEIMAN-Jorge-M\u00c1S-DID\u00c1CTICA-En-la-Educaci\u00f3n-Superior Nuevo R\u00e9gimen Acad\u00e9mico Marco Jurisdiccional para el Nivel Superior\u00a0 Resoluci\u00f3n 4196\/24 RESOC-4196-24 R\u00e9gimen Acad\u00e9mico Superior IF-2024-38567372-GDEBA-SDIFDIDGCYE IF-2024-37932840-GDEBA-DPESUPDGCYE IF-2024-37932766-GDEBA-DPESUPDGCYE COM CONJUNTA N\u00ba113_24 comu conj n\u00ba123_24 El Primer a\u00f1o como filiaci\u00f3n institucional y acad\u00e9mica NUEVO R\u00c9GIMEN &#8230; <a title=\"Resoluciones Profesores\" class=\"read-more\" href=\"https:\/\/isfdyt89-bue.infd.edu.ar\/sitio\/resoluciones-profesores\/\" aria-label=\"More on Resoluciones Profesores\">[+]<\/a><\/p>\n","protected":false},"author":576,"featured_media":0,"parent":0,"menu_order":0,"comment_status":"closed","ping_status":"closed","template":"","meta":[],"acf":[],"_links":{"self":[{"href":"https:\/\/isfdyt89-bue.infd.edu.ar\/sitio\/wp-json\/wp\/v2\/pages\/943"}],"collection":[{"href":"https:\/\/isfdyt89-bue.infd.edu.ar\/sitio\/wp-json\/wp\/v2\/pages"}],"about":[{"href":"https:\/\/isfdyt89-bue.infd.edu.ar\/sitio\/wp-json\/wp\/v2\/types\/page"}],"author":[{"embeddable":true,"href":"https:\/\/isfdyt89-bue.infd.edu.ar\/sitio\/wp-json\/wp\/v2\/users\/576"}],"replies":[{"embeddable":true,"href":"https:\/\/isfdyt89-bue.infd.edu.ar\/sitio\/wp-json\/wp\/v2\/comments?post=943"}],"version-history":[{"count":15,"href":"https:\/\/isfdyt89-bue.infd.edu.ar\/sitio\/wp-json\/wp\/v2\/pages\/943\/revisions"}],"predecessor-version":[{"id":2970,"href":"https:\/\/isfdyt89-bue.infd.edu.ar\/sitio\/wp-json\/wp\/v2\/pages\/943\/revisions\/2970"}],"wp:attachment":[{"href":"https:\/\/isfdyt89-bue.infd.edu.ar\/sitio\/wp-json\/wp\/v2\/media?parent=943"}],"curies":[{"name":"wp","href":"https:\/\/api.w.org\/{rel}","templated":true}]}}