{"id":983,"date":"2018-08-29T16:17:23","date_gmt":"2018-08-29T19:17:23","guid":{"rendered":"https:\/\/isfdyt89-bue.infd.edu.ar\/sitio\/proyecto-biblioteca-virtual\/"},"modified":"2026-04-15T19:03:29","modified_gmt":"2026-04-15T22:03:29","slug":"cipe","status":"publish","type":"page","link":"https:\/\/isfdyt89-bue.infd.edu.ar\/sitio\/cipe\/","title":{"rendered":""},"content":{"rendered":"<p style=\"text-align: center;\">\n<\/p><p><iframe loading=\"lazy\" title=\"CIPES ISFDYT N\u00b0 89\" width=\"1200\" height=\"900\" src=\"https:\/\/www.youtube.com\/embed\/sL-r8WI_v2w?feature=oembed\" frameborder=\"0\" allow=\"accelerometer; autoplay; clipboard-write; encrypted-media; gyroscope; picture-in-picture; web-share\" referrerpolicy=\"strict-origin-when-cross-origin\" allowfullscreen><\/iframe><\/p>\n\n\n<p>Estimadas\/os,<\/p>\n\n\n\n<p>Nos comunicamos para informarles sobre la apertura de la Primera Convocatoria 2026 del Programa Progresar.<\/p>\n\n\n\n<p>Las y los aspirantes a la l\u00ednea Progresar Superior podr\u00e1n inscribirse desde hoy 7 de abril hasta el 30 de abril.<br>A continuaci\u00f3n, se detallan los puntos clave para esta etapa:<\/p>\n\n\n\n<p>Inscripci\u00f3n: Para iniciar el proceso, las y los postulantes deber\u00e1n contar con un usuario propio en Mi Argentina. Este paso es fundamental para certificar la identidad de forma directa y sin intermediarios.<br>Requisitos: Se mantienen vigentes las condiciones de edad e ingresos, as\u00ed como la acreditaci\u00f3n de asistencia y avance acad\u00e9mico. .<br>Adjuntos:<br>Instructivo para estudiantes sobre el uso de la nueva plataforma.<br>Reglamento 2026.<br>Gu\u00eda para instituciones, dise\u00f1ada para que los establecimientos puedan familiarizarse con el nuevo entorno y realizar el seguimiento de sus estudiantes.<br>Brief informativo con material visual para facilitar la difusi\u00f3n del programa.<br>Agradecemos su colaboraci\u00f3n en la difusi\u00f3n de esta informaci\u00f3n.<br>Quedamos a disposici\u00f3n .<\/p>\n\n\n\n<p>Equipo de becas<\/p>\n\n\n\n<p><\/p>\n\n\n\n<div class=\"wp-block-file\"><object class=\"wp-block-file__embed\" data=\"https:\/\/isfdyt89-bue.infd.edu.ar\/sitio\/wp-content\/uploads\/2026\/04\/3-Instructivo-de-inscripcion-Superior-2026.pdf\" type=\"application\/pdf\" style=\"width:100%;height:600px\" aria-label=\"Incrustado de 3-Instructivo-de-inscripcion-Superior-2026.\"><\/object><a id=\"wp-block-file--media-ded02dea-d18a-4d90-9616-477a943f163d\" href=\"https:\/\/isfdyt89-bue.infd.edu.ar\/sitio\/wp-content\/uploads\/2026\/04\/3-Instructivo-de-inscripcion-Superior-2026.pdf\">3-Instructivo-de-inscripcion-Superior-2026<\/a><a href=\"https:\/\/isfdyt89-bue.infd.edu.ar\/sitio\/wp-content\/uploads\/2026\/04\/3-Instructivo-de-inscripcion-Superior-2026.pdf\" class=\"wp-block-file__button wp-element-button\" download aria-describedby=\"wp-block-file--media-ded02dea-d18a-4d90-9616-477a943f163d\">Descarga<\/a><\/div>\n\n\n\n<p><\/p>\n\n\n\n<div class=\"wp-block-file\"><object class=\"wp-block-file__embed\" data=\"https:\/\/isfdyt89-bue.infd.edu.ar\/sitio\/wp-content\/uploads\/2026\/04\/4-Brief-Progresar-Superior-2026_Baja.pdf\" type=\"application\/pdf\" style=\"width:100%;height:600px\" aria-label=\"Incrustado de 4-Brief-Progresar-Superior-2026_Baja.\"><\/object><a id=\"wp-block-file--media-25c00e66-b07c-41fe-8668-e53c8c710da4\" href=\"https:\/\/isfdyt89-bue.infd.edu.ar\/sitio\/wp-content\/uploads\/2026\/04\/4-Brief-Progresar-Superior-2026_Baja.pdf\">4-Brief-Progresar-Superior-2026_Baja<\/a><a href=\"https:\/\/isfdyt89-bue.infd.edu.ar\/sitio\/wp-content\/uploads\/2026\/04\/4-Brief-Progresar-Superior-2026_Baja.pdf\" class=\"wp-block-file__button wp-element-button\" download aria-describedby=\"wp-block-file--media-25c00e66-b07c-41fe-8668-e53c8c710da4\">Descarga<\/a><\/div>\n","protected":false},"excerpt":{"rendered":"<p>Estimadas\/os, Nos comunicamos para informarles sobre la apertura de la Primera Convocatoria 2026 del Programa Progresar. Las y los aspirantes a la l\u00ednea Progresar Superior podr\u00e1n inscribirse desde hoy 7 de abril hasta el 30 de abril.A continuaci\u00f3n, se detallan los puntos clave para esta etapa: Inscripci\u00f3n: Para iniciar el proceso, las y los postulantes &#8230; <a title=\"\" class=\"read-more\" href=\"https:\/\/isfdyt89-bue.infd.edu.ar\/sitio\/cipe\/\" aria-label=\"More on \">[+]<\/a><\/p>\n","protected":false},"author":576,"featured_media":0,"parent":0,"menu_order":0,"comment_status":"closed","ping_status":"closed","template":"","meta":[],"acf":[],"_links":{"self":[{"href":"https:\/\/isfdyt89-bue.infd.edu.ar\/sitio\/wp-json\/wp\/v2\/pages\/983"}],"collection":[{"href":"https:\/\/isfdyt89-bue.infd.edu.ar\/sitio\/wp-json\/wp\/v2\/pages"}],"about":[{"href":"https:\/\/isfdyt89-bue.infd.edu.ar\/sitio\/wp-json\/wp\/v2\/types\/page"}],"author":[{"embeddable":true,"href":"https:\/\/isfdyt89-bue.infd.edu.ar\/sitio\/wp-json\/wp\/v2\/users\/576"}],"replies":[{"embeddable":true,"href":"https:\/\/isfdyt89-bue.infd.edu.ar\/sitio\/wp-json\/wp\/v2\/comments?post=983"}],"version-history":[{"count":2,"href":"https:\/\/isfdyt89-bue.infd.edu.ar\/sitio\/wp-json\/wp\/v2\/pages\/983\/revisions"}],"predecessor-version":[{"id":2986,"href":"https:\/\/isfdyt89-bue.infd.edu.ar\/sitio\/wp-json\/wp\/v2\/pages\/983\/revisions\/2986"}],"wp:attachment":[{"href":"https:\/\/isfdyt89-bue.infd.edu.ar\/sitio\/wp-json\/wp\/v2\/media?parent=983"}],"curies":[{"name":"wp","href":"https:\/\/api.w.org\/{rel}","templated":true}]}}